{"id":61,"date":"2014-09-26T17:54:19","date_gmt":"2014-09-26T15:54:19","guid":{"rendered":"http:\/\/ideenzentrale.org\/grandcosmos\/?page_id=61"},"modified":"2019-11-13T11:15:57","modified_gmt":"2019-11-13T09:15:57","slug":"unsere-vision","status":"publish","type":"page","link":"http:\/\/campuscosmopolis.de\/de_DE\/","title":{"rendered":"Die Idee"},"content":{"rendered":"<div\n class=\"moz-text-html\" lang=\"x-western\"><\/p>\n<div\n id=\"magicdomid4\" class=\"\"><\/p>\n<p>Campus Cosmopolis ist eine Initiative von alten und neuen Berliner*innen, die mitten in der Stadt ein Zentrum f\u00fcr selbstbestimmtes und gemeinschaftliches Wohnen und Lernen verwirklicht.<\/p>\n<p class=\"p1\">Der Campus Cosmopolis wird<\/p>\n<ul>\n<li class=\"li1\">ein Ort sein, der nach den W\u00fcnschen und Bed\u00fcrfnissen aller Bewohner*innen gestaltet ist. Gemeinsam wird diskutiert, geplant und gestaltet.<\/li>\n<\/ul>\n<ul>\n<li class=\"li1\">ein offenes und lebendiges Haus sein, mit viel Raum sich kennen zu lernen, sich auszutauschen und voneinander zu lernen. Wir werden Seminare zu dem veranstalten, was uns bewegt und gegenseitiges Lernen organisieren.<\/li>\n<\/ul>\n<ul>\n<li class=\"li1\">einen Platz f\u00fcr Solidarit\u00e4t bieten, an dem wir \u00fcben k\u00f6nnen, ohne Angst verschieden zu sein, weil wir nicht st\u00e4ndig nach Herkunft und Papieren beurteilt oder nach Besitz, Geschlecht und formalen Qualifikationen unterschieden werden.<\/li>\n<\/ul>\n<ul>\n<li class=\"li1\">ein soziales Experiment, in dem alle Bewohner_innen ihre vielf\u00e4ltigen Kenntnisse und F\u00e4higkeiten einbringen und entfalten k\u00f6nnen. Das Gelingen des Vorhabens h\u00e4ngt deshalb unmittelbar von der Bereitschaft zu geduldiger und respektvoller Kooperation ab.<\/li>\n<\/ul>\n<ul>\n<li class=\"li1\">ein \u00f6ffentlicher Ort, der sich in den Austausch mit seiner Umgebung begibt und nach au\u00dfen wirken will. Wir werden einen Garten anlegen und ein Caf\u00e9 einrichten, Werkst\u00e4tten \u00f6ffnen,\u00a0 vieles mehr ist denk- und machbar.<\/li>\n<\/ul>\n<ul>\n<li class=\"li1\">ein emanzipativer Ort: Die vielf\u00e4ltigen existierenden Unterst\u00fctzungsangebote f\u00fcr Gefl\u00fcchtete in Berlin sollen einbezogen werden, ohne sich dabei von Institutionen und Beh\u00f6rden abh\u00e4ngig zu machen. Selbstverwaltete und transparente Strukturen sollen die Teilhabe f\u00fcr Gefl\u00fcchtete erm\u00f6glichen.<\/li>\n<\/ul>\n<ul>\n<li class=\"li1\">Nicht zuletzt ist der Campus Cosmopolis auch ein politisches Projekt, denn die Situation gefl\u00fcchteter Menschen muss verbessert werden &#8211; hier, jetzt und sofort! Der CC soll einer der vielen kleinen Schritte in diesem Prozess sein.<\/li>\n<\/ul>\n<p class=\"p1\">Wir sind offen f\u00fcr Menschen mit und ohne Fluchterfahrung und freuen uns \u00fcber Unterst\u00fctzung f\u00fcr den Campus Cosmopolis. Kontakt: <a href=\"mailto:mail@campuscosmopolis.de\">mail@campuscosmopolis.de<\/a>.<\/p>\n<\/div>\n<\/div>\n","protected":false},"excerpt":{"rendered":"<div class=\"moz-text-html\" lang=\"x-western\">\n<div id=\"magicdomid4\" class=\"\">\n<p>Campus Cosmopolis ist eine Initiative von alten und neuen Berliner*innen, die mitten in der Stadt ein Zentrum f\u00fcr selbstbestimmtes und gemeinschaftliches Wohnen und Lern&#8230;<\/p>\n","protected":false},"author":1,"featured_media":0,"parent":0,"menu_order":1,"comment_status":"closed","ping_status":"closed","template":"","meta":[],"acf":[],"_links":{"self":[{"href":"http:\/\/campuscosmopolis.de\/de_DE\/wp-json\/wp\/v2\/pages\/61"}],"collection":[{"href":"http:\/\/campuscosmopolis.de\/de_DE\/wp-json\/wp\/v2\/pages"}],"about":[{"href":"http:\/\/campuscosmopolis.de\/de_DE\/wp-json\/wp\/v2\/types\/page"}],"author":[{"embeddable":true,"href":"http:\/\/campuscosmopolis.de\/de_DE\/wp-json\/wp\/v2\/users\/1"}],"replies":[{"embeddable":true,"href":"http:\/\/campuscosmopolis.de\/de_DE\/wp-json\/wp\/v2\/comments?post=61"}],"version-history":[{"count":54,"href":"http:\/\/campuscosmopolis.de\/de_DE\/wp-json\/wp\/v2\/pages\/61\/revisions"}],"predecessor-version":[{"id":787,"href":"http:\/\/campuscosmopolis.de\/de_DE\/wp-json\/wp\/v2\/pages\/61\/revisions\/787"}],"wp:attachment":[{"href":"http:\/\/campuscosmopolis.de\/de_DE\/wp-json\/wp\/v2\/media?parent=61"}],"curies":[{"name":"wp","href":"https:\/\/api.w.org\/{rel}","templated":true}]}}